{"id":107,"date":"2016-10-12T10:42:58","date_gmt":"2016-10-12T14:42:58","guid":{"rendered":"https:\/\/mcladvisory.com\/fr\/?page_id=107"},"modified":"2023-07-26T16:56:05","modified_gmt":"2023-07-26T20:56:05","slug":"a-propos","status":"publish","type":"page","link":"https:\/\/mcladvisory.com\/fr\/a-propos\/","title":{"rendered":"\u00c0 propos"},"content":{"rendered":"<!-- AddThis Advanced Settings generic via filter on the_content --><!-- AddThis Share Buttons generic via filter on the_content -->","protected":false},"excerpt":{"rendered":"<p><!-- AddThis Advanced Settings generic via filter on get_the_excerpt --><!-- AddThis Share Buttons generic via filter on get_the_excerpt --><\/p>\n","protected":false},"author":1,"featured_media":0,"parent":0,"menu_order":0,"comment_status":"closed","ping_status":"closed","template":"tpl-about.php","meta":{"footnotes":""},"class_list":["post-107","page","type-page","status-publish","hentry"],"acf":[],"yoast_head":"<!-- This site is optimized with the Yoast SEO plugin v21.4 - https:\/\/yoast.com\/wordpress\/plugins\/seo\/ -->\n<title>\u00c0 propos de MCL Conseils | Leadership strat\u00e9gique | Conseiller en affaires<\/title>\n<meta name=\"description\" content=\"MCL Conseils aide les entreprises \u00e0 \u00e9laborer et \u00e0 mettre en oeuvre des strat\u00e9gies en mati\u00e8re de Gestion, de Changements et de Leadership.\" \/>\n<meta name=\"robots\" content=\"index, follow, max-snippet:-1, max-image-preview:large, max-video-preview:-1\" \/>\n<link rel=\"canonical\" href=\"https:\/\/mcladvisory.com\/a-propos\/\" \/>\n<meta property=\"og:locale\" content=\"fr_FR\" \/>\n<meta property=\"og:type\" content=\"article\" \/>\n<meta property=\"og:title\" content=\"\u00c0 propos de MCL Conseils | Leadership strat\u00e9gique | Conseiller en affaires\" \/>\n<meta property=\"og:description\" content=\"MCL Conseils aide les entreprises \u00e0 \u00e9laborer et \u00e0 mettre en oeuvre des strat\u00e9gies en mati\u00e8re de Gestion, de Changements et de Leadership.\" \/>\n<meta property=\"og:url\" content=\"https:\/\/mcladvisory.com\/a-propos\/\" \/>\n<meta property=\"og:site_name\" content=\"MCL Conseils\" \/>\n<meta property=\"article:modified_time\" content=\"2023-07-26T20:56:05+00:00\" \/>\n<meta name=\"twitter:card\" content=\"summary_large_image\" \/>\n<script type=\"application\/ld+json\" class=\"yoast-schema-graph\">{\"@context\":\"https:\/\/schema.org\",\"@graph\":[{\"@type\":\"WebPage\",\"@id\":\"https:\/\/mcladvisory.com\/a-propos\/\",\"url\":\"https:\/\/mcladvisory.com\/a-propos\/\",\"name\":\"\u00c0 propos de MCL Conseils | Leadership strat\u00e9gique | Conseiller en affaires\",\"isPartOf\":{\"@id\":\"https:\/\/mcladvisory.com\/#website\"},\"datePublished\":\"2016-10-12T14:42:58+00:00\",\"dateModified\":\"2023-07-26T20:56:05+00:00\",\"description\":\"MCL Conseils aide les entreprises \u00e0 \u00e9laborer et \u00e0 mettre en oeuvre des strat\u00e9gies en mati\u00e8re de Gestion, de Changements et de Leadership.\",\"breadcrumb\":{\"@id\":\"https:\/\/mcladvisory.com\/a-propos\/#breadcrumb\"},\"inLanguage\":\"fr-FR\",\"potentialAction\":[{\"@type\":\"ReadAction\",\"target\":[\"https:\/\/mcladvisory.com\/a-propos\/\"]}]},{\"@type\":\"BreadcrumbList\",\"@id\":\"https:\/\/mcladvisory.com\/a-propos\/#breadcrumb\",\"itemListElement\":[{\"@type\":\"ListItem\",\"position\":1,\"name\":\"Home\",\"item\":\"https:\/\/mcladvisory.com\/\"},{\"@type\":\"ListItem\",\"position\":2,\"name\":\"\u00c0 propos\"}]},{\"@type\":\"WebSite\",\"@id\":\"https:\/\/mcladvisory.com\/#website\",\"url\":\"https:\/\/mcladvisory.com\/\",\"name\":\"MCL Conseils\",\"description\":\"Just another WordPress site\",\"potentialAction\":[{\"@type\":\"SearchAction\",\"target\":{\"@type\":\"EntryPoint\",\"urlTemplate\":\"https:\/\/mcladvisory.com\/?s={search_term_string}\"},\"query-input\":\"required name=search_term_string\"}],\"inLanguage\":\"fr-FR\"}]}<\/script>\n<!-- \/ Yoast SEO plugin. -->","yoast_head_json":{"title":"\u00c0 propos de MCL Conseils | Leadership strat\u00e9gique | Conseiller en affaires","description":"MCL Conseils aide les entreprises \u00e0 \u00e9laborer et \u00e0 mettre en oeuvre des strat\u00e9gies en mati\u00e8re de Gestion, de Changements et de Leadership.","robots":{"index":"index","follow":"follow","max-snippet":"max-snippet:-1","max-image-preview":"max-image-preview:large","max-video-preview":"max-video-preview:-1"},"canonical":"https:\/\/mcladvisory.com\/a-propos\/","og_locale":"fr_FR","og_type":"article","og_title":"\u00c0 propos de MCL Conseils | Leadership strat\u00e9gique | Conseiller en affaires","og_description":"MCL Conseils aide les entreprises \u00e0 \u00e9laborer et \u00e0 mettre en oeuvre des strat\u00e9gies en mati\u00e8re de Gestion, de Changements et de Leadership.","og_url":"https:\/\/mcladvisory.com\/a-propos\/","og_site_name":"MCL Conseils","article_modified_time":"2023-07-26T20:56:05+00:00","twitter_card":"summary_large_image","schema":{"@context":"https:\/\/schema.org","@graph":[{"@type":"WebPage","@id":"https:\/\/mcladvisory.com\/a-propos\/","url":"https:\/\/mcladvisory.com\/a-propos\/","name":"\u00c0 propos de MCL Conseils | Leadership strat\u00e9gique | Conseiller en affaires","isPartOf":{"@id":"https:\/\/mcladvisory.com\/#website"},"datePublished":"2016-10-12T14:42:58+00:00","dateModified":"2023-07-26T20:56:05+00:00","description":"MCL Conseils aide les entreprises \u00e0 \u00e9laborer et \u00e0 mettre en oeuvre des strat\u00e9gies en mati\u00e8re de Gestion, de Changements et de Leadership.","breadcrumb":{"@id":"https:\/\/mcladvisory.com\/a-propos\/#breadcrumb"},"inLanguage":"fr-FR","potentialAction":[{"@type":"ReadAction","target":["https:\/\/mcladvisory.com\/a-propos\/"]}]},{"@type":"BreadcrumbList","@id":"https:\/\/mcladvisory.com\/a-propos\/#breadcrumb","itemListElement":[{"@type":"ListItem","position":1,"name":"Home","item":"https:\/\/mcladvisory.com\/"},{"@type":"ListItem","position":2,"name":"\u00c0 propos"}]},{"@type":"WebSite","@id":"https:\/\/mcladvisory.com\/#website","url":"https:\/\/mcladvisory.com\/","name":"MCL Conseils","description":"Just another WordPress site","potentialAction":[{"@type":"SearchAction","target":{"@type":"EntryPoint","urlTemplate":"https:\/\/mcladvisory.com\/?s={search_term_string}"},"query-input":"required name=search_term_string"}],"inLanguage":"fr-FR"}]}},"_links":{"self":[{"href":"https:\/\/mcladvisory.com\/fr\/wp-json\/wp\/v2\/pages\/107","targetHints":{"allow":["GET"]}}],"collection":[{"href":"https:\/\/mcladvisory.com\/fr\/wp-json\/wp\/v2\/pages"}],"about":[{"href":"https:\/\/mcladvisory.com\/fr\/wp-json\/wp\/v2\/types\/page"}],"author":[{"embeddable":true,"href":"https:\/\/mcladvisory.com\/fr\/wp-json\/wp\/v2\/users\/1"}],"replies":[{"embeddable":true,"href":"https:\/\/mcladvisory.com\/fr\/wp-json\/wp\/v2\/comments?post=107"}],"version-history":[{"count":0,"href":"https:\/\/mcladvisory.com\/fr\/wp-json\/wp\/v2\/pages\/107\/revisions"}],"wp:attachment":[{"href":"https:\/\/mcladvisory.com\/fr\/wp-json\/wp\/v2\/media?parent=107"}],"curies":[{"name":"wp","href":"https:\/\/api.w.org\/{rel}","templated":true}]}}